{"id":147,"date":"2023-05-30T01:40:28","date_gmt":"2023-05-29T23:40:28","guid":{"rendered":"http:\/\/lapetih.cluster027.hosting.ovh.net\/?page_id=147"},"modified":"2026-03-23T19:24:37","modified_gmt":"2026-03-23T18:24:37","slug":"nous-trouver","status":"publish","type":"page","link":"https:\/\/lapetitesaline.fr\/index.php\/nous-trouver\/","title":{"rendered":"Nous joindre"},"content":{"rendered":"\t\t<div data-elementor-type=\"wp-page\" data-elementor-id=\"147\" class=\"elementor elementor-147\" data-elementor-post-type=\"page\">\n\t\t\t\t\t\t<section class=\"elementor-section elementor-top-section elementor-element elementor-element-c248c6b elementor-section-boxed elementor-section-height-default elementor-section-height-default\" data-id=\"c248c6b\" data-element_type=\"section\" data-e-type=\"section\">\n\t\t\t\t\t\t<div class=\"elementor-container elementor-column-gap-default\">\n\t\t\t\t\t<div class=\"elementor-column elementor-col-100 elementor-top-column elementor-element elementor-element-5dd5566\" data-id=\"5dd5566\" data-element_type=\"column\" data-e-type=\"column\">\n\t\t\t<div class=\"elementor-widget-wrap elementor-element-populated\">\n\t\t\t\t\t\t<div class=\"elementor-element elementor-element-d40d6f9 elementor-widget elementor-widget-heading\" data-id=\"d40d6f9\" data-element_type=\"widget\" data-e-type=\"widget\" data-widget_type=\"heading.default\">\n\t\t\t\t<div class=\"elementor-widget-container\">\n\t\t\t\t\t<h1 class=\"elementor-heading-title elementor-size-default\">Nous joindre<\/h1>\t\t\t\t<\/div>\n\t\t\t\t<\/div>\n\t\t\t\t\t<\/div>\n\t\t<\/div>\n\t\t\t\t\t<\/div>\n\t\t<\/section>\n\t\t\t\t<section class=\"elementor-section elementor-top-section elementor-element elementor-element-4c2192f elementor-section-boxed elementor-section-height-default elementor-section-height-default\" data-id=\"4c2192f\" data-element_type=\"section\" data-e-type=\"section\">\n\t\t\t\t\t\t<div class=\"elementor-container elementor-column-gap-default\">\n\t\t\t\t\t<div class=\"elementor-column elementor-col-100 elementor-top-column elementor-element elementor-element-8f788bd\" data-id=\"8f788bd\" data-element_type=\"column\" data-e-type=\"column\">\n\t\t\t<div class=\"elementor-widget-wrap elementor-element-populated\">\n\t\t\t\t\t\t<div class=\"elementor-element elementor-element-380c2a2 elementor-widget elementor-widget-text-editor\" data-id=\"380c2a2\" data-element_type=\"widget\" data-e-type=\"widget\" data-widget_type=\"text-editor.default\">\n\t\t\t\t<div class=\"elementor-widget-container\">\n\t\t\t\t\t\t\t\t\t<h4 style=\"text-align: center;\">L&rsquo;adresse courriel de La Petite Saline reste fonctionnelle.<br \/>Vous pouvez donc envoyer un <a href=\"mailto:lapetitesaline@laposte.net\"><span style=\"color: #d9003a;\">courriel.<\/span><\/a><\/h4>\t\t\t\t\t\t\t\t<\/div>\n\t\t\t\t<\/div>\n\t\t\t\t\t<\/div>\n\t\t<\/div>\n\t\t\t\t\t<\/div>\n\t\t<\/section>\n\t\t\t\t<section class=\"elementor-section elementor-top-section elementor-element elementor-element-082e28f elementor-section-boxed elementor-section-height-default elementor-section-height-default\" data-id=\"082e28f\" data-element_type=\"section\" data-e-type=\"section\">\n\t\t\t\t\t\t<div class=\"elementor-container elementor-column-gap-default\">\n\t\t\t\t\t<div class=\"elementor-column elementor-col-100 elementor-top-column elementor-element elementor-element-afe7f2b\" data-id=\"afe7f2b\" data-element_type=\"column\" data-e-type=\"column\">\n\t\t\t<div class=\"elementor-widget-wrap elementor-element-populated\">\n\t\t\t\t\t\t<div class=\"elementor-element elementor-element-9353f6e elementor-widget elementor-widget-heading\" data-id=\"9353f6e\" data-element_type=\"widget\" data-e-type=\"widget\" data-widget_type=\"heading.default\">\n\t\t\t\t<div class=\"elementor-widget-container\">\n\t\t\t\t\t<h1 class=\"elementor-heading-title elementor-size-default\">Nous rejoindre<\/h1>\t\t\t\t<\/div>\n\t\t\t\t<\/div>\n\t\t\t\t\t<\/div>\n\t\t<\/div>\n\t\t\t\t\t<\/div>\n\t\t<\/section>\n\t\t\t\t<section class=\"elementor-section elementor-top-section elementor-element elementor-element-70978fd9 elementor-section-boxed elementor-section-height-default elementor-section-height-default\" data-id=\"70978fd9\" data-element_type=\"section\" data-e-type=\"section\">\n\t\t\t\t\t\t<div class=\"elementor-container elementor-column-gap-default\">\n\t\t\t\t\t<div class=\"elementor-column elementor-col-100 elementor-top-column elementor-element elementor-element-7bac3eb6\" data-id=\"7bac3eb6\" data-element_type=\"column\" data-e-type=\"column\">\n\t\t\t<div class=\"elementor-widget-wrap elementor-element-populated\">\n\t\t\t\t\t\t<div class=\"elementor-element elementor-element-1e5e24a elementor-widget elementor-widget-text-editor\" data-id=\"1e5e24a\" data-element_type=\"widget\" data-e-type=\"widget\" data-widget_type=\"text-editor.default\">\n\t\t\t\t<div class=\"elementor-widget-container\">\n\t\t\t\t\t\t\t\t\t<p><\/p>\n<p><\/p>\n<h5><span style=\"color: #333333;\">Le restaurant se situe <strong>face \u00e0 la poste<\/strong> au 143 av. du g\u00e9n\u00e9ral de Gaulle, <strong>\u00e0 100 m de la Place du March\u00e9<\/strong>, \u00e0 200 m du cin\u00e9ma \u201cLa\u00a0toile\u00a0de mer\u201d<\/span><\/h5>\t\t\t\t\t\t\t\t<\/div>\n\t\t\t\t<\/div>\n\t\t\t\t\t<\/div>\n\t\t<\/div>\n\t\t\t\t\t<\/div>\n\t\t<\/section>\n\t\t\t\t<section class=\"elementor-section elementor-top-section elementor-element elementor-element-e9eea1f elementor-section-boxed elementor-section-height-default elementor-section-height-default\" data-id=\"e9eea1f\" data-element_type=\"section\" data-e-type=\"section\">\n\t\t\t\t\t\t<div class=\"elementor-container elementor-column-gap-default\">\n\t\t\t\t\t<div class=\"elementor-column elementor-col-100 elementor-top-column elementor-element elementor-element-6b16b46\" data-id=\"6b16b46\" data-element_type=\"column\" data-e-type=\"column\">\n\t\t\t<div class=\"elementor-widget-wrap elementor-element-populated\">\n\t\t\t\t\t\t<div class=\"elementor-element elementor-element-91a8c81 elementor-widget elementor-widget-html\" data-id=\"91a8c81\" data-element_type=\"widget\" data-e-type=\"widget\" data-widget_type=\"html.default\">\n\t\t\t\t<div class=\"elementor-widget-container\">\n\t\t\t\t\t<iframe width=\"425\" height=\"500\" src=\"https:\/\/www.openstreetmap.org\/export\/embed.html?bbox=-2.3409140110015874%2C47.26041380163386%2C-2.3379206657409672%2C47.26194103434732&amp;layer=mapnik&amp;marker=47.26117742349756%2C-2.339417338371277\" style=\"border: 1px solid black\"><\/iframe><br\/><small><a href=\"https:\/\/www.openstreetmap.org\/?mlat=47.26118&amp;mlon=-2.33942#map=19\/47.26118\/-2.33942\"><\/a><\/small>\t\t\t\t<\/div>\n\t\t\t\t<\/div>\n\t\t\t\t\t<\/div>\n\t\t<\/div>\n\t\t\t\t\t<\/div>\n\t\t<\/section>\n\t\t\t\t<section class=\"elementor-section elementor-top-section elementor-element elementor-element-9d6b320 elementor-section-boxed elementor-section-height-default elementor-section-height-default\" data-id=\"9d6b320\" data-element_type=\"section\" data-e-type=\"section\">\n\t\t\t\t\t\t<div class=\"elementor-container elementor-column-gap-default\">\n\t\t\t\t\t<div class=\"elementor-column elementor-col-100 elementor-top-column elementor-element elementor-element-2106d4f\" data-id=\"2106d4f\" data-element_type=\"column\" data-e-type=\"column\">\n\t\t\t<div class=\"elementor-widget-wrap elementor-element-populated\">\n\t\t\t\t\t\t<div class=\"elementor-element elementor-element-3954509 elementor-widget elementor-widget-text-editor\" data-id=\"3954509\" data-element_type=\"widget\" data-e-type=\"widget\" data-widget_type=\"text-editor.default\">\n\t\t\t\t<div class=\"elementor-widget-container\">\n\t\t\t\t\t\t\t\t\t<h4 style=\"text-align: center;\"><span style=\"color: #333333;\"><b>Stationnement gratuit place du March\u00e9, autour des halles.<br \/><img decoding=\"async\" class=\"alignnone wp-image-5102 size-thumbnail\" src=\"https:\/\/lapetitesaline.fr\/wp-content\/uploads\/Disque-zone-bleue-150x150.jpg\" alt=\"\" width=\"150\" height=\"150\" \/><br \/><br \/><\/b><\/span><\/h4>\t\t\t\t\t\t\t\t<\/div>\n\t\t\t\t<\/div>\n\t\t\t\t\t<\/div>\n\t\t<\/div>\n\t\t\t\t\t<\/div>\n\t\t<\/section>\n\t\t\t\t<section class=\"elementor-section elementor-top-section elementor-element elementor-element-fa040fc elementor-section-boxed elementor-section-height-default elementor-section-height-default\" data-id=\"fa040fc\" data-element_type=\"section\" data-e-type=\"section\">\n\t\t\t\t\t\t<div class=\"elementor-container elementor-column-gap-default\">\n\t\t\t\t\t<div class=\"elementor-column elementor-col-100 elementor-top-column elementor-element elementor-element-96d53c7\" data-id=\"96d53c7\" data-element_type=\"column\" data-e-type=\"column\">\n\t\t\t<div class=\"elementor-widget-wrap\">\n\t\t\t\t\t\t\t<\/div>\n\t\t<\/div>\n\t\t\t\t\t<\/div>\n\t\t<\/section>\n\t\t\t\t<\/div>\n\t\t","protected":false},"excerpt":{"rendered":"<p>Nous joindre L&rsquo;adresse courriel de La Petite Saline reste fonctionnelle.Vous pouvez donc envoyer un courriel. Nous rejoindre Le restaurant se situe face \u00e0 la poste au 143 av. du g\u00e9n\u00e9ral de Gaulle, \u00e0 100 m de la Place du March\u00e9, \u00e0 200 m du cin\u00e9ma \u201cLa\u00a0toile\u00a0de mer\u201d Stationnement gratuit place du March\u00e9, autour des halles.<\/p>\n","protected":false},"author":1,"featured_media":0,"parent":0,"menu_order":0,"comment_status":"closed","ping_status":"closed","template":"","meta":{"footnotes":""},"class_list":["post-147","page","type-page","status-publish","hentry"],"_links":{"self":[{"href":"https:\/\/lapetitesaline.fr\/index.php\/wp-json\/wp\/v2\/pages\/147","targetHints":{"allow":["GET"]}}],"collection":[{"href":"https:\/\/lapetitesaline.fr\/index.php\/wp-json\/wp\/v2\/pages"}],"about":[{"href":"https:\/\/lapetitesaline.fr\/index.php\/wp-json\/wp\/v2\/types\/page"}],"author":[{"embeddable":true,"href":"https:\/\/lapetitesaline.fr\/index.php\/wp-json\/wp\/v2\/users\/1"}],"replies":[{"embeddable":true,"href":"https:\/\/lapetitesaline.fr\/index.php\/wp-json\/wp\/v2\/comments?post=147"}],"version-history":[{"count":243,"href":"https:\/\/lapetitesaline.fr\/index.php\/wp-json\/wp\/v2\/pages\/147\/revisions"}],"predecessor-version":[{"id":9190,"href":"https:\/\/lapetitesaline.fr\/index.php\/wp-json\/wp\/v2\/pages\/147\/revisions\/9190"}],"wp:attachment":[{"href":"https:\/\/lapetitesaline.fr\/index.php\/wp-json\/wp\/v2\/media?parent=147"}],"curies":[{"name":"wp","href":"https:\/\/api.w.org\/{rel}","templated":true}]}}